{"id":10,"date":"2026-05-12T13:35:54","date_gmt":"2026-05-12T13:35:54","guid":{"rendered":"https:\/\/wizjafotografii.pl\/?page_id=10"},"modified":"2026-05-13T07:59:09","modified_gmt":"2026-05-13T07:59:09","slug":"home","status":"publish","type":"page","link":"https:\/\/wizjafotografii.pl\/","title":{"rendered":"Strona G\u0142\u00f3wna"},"content":{"rendered":"\n\n<div class=\"wp-block-cover alignfull\" style=\"min-height:700px;aspect-ratio:unset;\"><span aria-hidden=\"true\" class=\"wp-block-cover__background has-vivid-purple-background-color has-background-dim-100 has-background-dim\"><\/span><div class=\"wp-block-cover__inner-container is-layout-constrained wp-block-cover-is-layout-constrained\">\n\n\n<p class=\"has-text-align-center\">\u2726 Profesjonalna Fotografia<\/p>\n\n\n\n<h1 class=\"wp-block-heading has-text-align-center\">Gdzie Ka\u017cde Zdj\u0119cie<br>Opowiada Histori\u0119<\/h1>\n\n\n\n<p class=\"has-text-align-center\">Profesjonalne sesje fotograficzne, kt\u00f3re zatrzymuj\u0105 chwile na zawsze. Fotografia portretowa, \u015blubna, reporta\u017cowa i komercyjna.<\/p>\n\n\n\n<div class=\"wp-block-buttons is-content-justification-center is-layout-flex wp-container-core-buttons-is-layout-a89b3969 wp-block-buttons-is-layout-flex\">\n\n<div class=\"wp-block-button\"><a class=\"wp-block-button__link wp-element-button\" href=\"#portfolio\">Sprawd\u017a Portfolio \u2192<\/a><\/div>\n\n\n<div class=\"wp-block-button is-style-outline is-style-outline--1\"><a class=\"wp-block-button__link wp-element-button\" href=\"#kontakt\">Dowiedz si\u0119 wi\u0119cej \u2192<\/a><\/div>\n\n<\/div>\n\n\n<\/div><\/div>\n\n\n\n<div class=\"wp-block-group alignfull has-white-background-color has-background is-layout-constrained wp-block-group-is-layout-constrained\">\n\n<p class=\"has-text-align-center\">Zaufali Nam Klienci Z Ca\u0142ej Polski<\/p>\n\n\n<div class=\"wp-block-columns is-layout-flex wp-container-core-columns-is-layout-28f84493 wp-block-columns-is-layout-flex\">\n<div class=\"wp-block-column is-layout-flow wp-block-column-is-layout-flow\"><p class=\"has-text-align-center\">Vogue PL<\/p><\/div>\n<div class=\"wp-block-column is-layout-flow wp-block-column-is-layout-flow\"><p class=\"has-text-align-center\">Forbes<\/p><\/div>\n<div class=\"wp-block-column is-layout-flow wp-block-column-is-layout-flow\"><p class=\"has-text-align-center\">Empik<\/p><\/div>\n<div class=\"wp-block-column is-layout-flow wp-block-column-is-layout-flow\"><p class=\"has-text-align-center\">TVN<\/p><\/div>\n<div class=\"wp-block-column is-layout-flow wp-block-column-is-layout-flow\"><p class=\"has-text-align-center\">Agora<\/p><\/div>\n<\/div>\n\n<\/div>\n\n\n\n<div class=\"wp-block-group alignfull has-white-background-color has-background is-layout-constrained wp-block-group-is-layout-constrained\">\n\n<div class=\"wp-block-columns are-vertically-aligned-center is-layout-flex wp-container-core-columns-is-layout-28f84493 wp-block-columns-is-layout-flex\">\n\n<div class=\"wp-block-column is-vertically-aligned-center is-layout-flow wp-block-column-is-layout-flow\">\n\n<figure class=\"wp-block-image size-large\"><img decoding=\"async\" src=\"https:\/\/images.unsplash.com\/photo-1542038784456-1ea8e935640e?w=700&#038;q=80\" alt=\"Sesja fotograficzna\"\/><\/figure>\n\n<\/div>\n\n\n<div class=\"wp-block-column is-vertically-aligned-center is-layout-flow wp-block-column-is-layout-flow\">\n\n<h2 class=\"wp-block-heading\">Fotografia Kt\u00f3ra Zatrzymuje<br><strong>Wyj\u0105tkowe Chwile<\/strong><\/h2>\n\n\n<p>Od wesel po kampanie reklamowe \u2014 tworzymy obrazy, kt\u00f3re m\u00f3wi\u0105 wi\u0119cej ni\u017c tysi\u0105c s\u0142\u00f3w. \u0141\u0105czymy techniczne mistrzostwo z artystycznym wyczuciem.<\/p>\n\n\n<div class=\"wp-block-columns is-layout-flex wp-container-core-columns-is-layout-28f84493 wp-block-columns-is-layout-flex\">\n<div class=\"wp-block-column is-layout-flow wp-block-column-is-layout-flow\"><h3 class=\"wp-block-heading\">500+<\/h3><p>Klient\u00f3w<\/p><\/div>\n<div class=\"wp-block-column is-layout-flow wp-block-column-is-layout-flow\"><h3 class=\"wp-block-heading\">12k+<\/h3><p>Zdj\u0119\u0107<\/p><\/div>\n<div class=\"wp-block-column is-layout-flow wp-block-column-is-layout-flow\"><h3 class=\"wp-block-heading\">98%<\/h3><p>Zadowolonych<\/p><\/div>\n<\/div>\n\n\n<div class=\"wp-block-buttons is-layout-flex wp-block-buttons-is-layout-flex\">\n\n<div class=\"wp-block-button\"><a class=\"wp-block-button__link wp-element-button\" href=\"#o-nas\">Odkryj wi\u0119cej \u2192<\/a><\/div>\n\n<\/div>\n\n<\/div>\n\n<\/div>\n\n<\/div>\n\n\n\n<div class=\"wp-block-group alignfull is-layout-constrained wp-block-group-is-layout-constrained\">\n<p class=\"has-text-align-center\">\u2794 NASZE US\u0141UGI \u2794<\/p>\n\n<h2 class=\"wp-block-heading has-text-align-center\">Nasze Rozwi\u0105zania Fotograficzne<\/h2>\n\n\n<div class=\"wp-block-columns is-layout-flex wp-container-core-columns-is-layout-28f84493 wp-block-columns-is-layout-flex\">\n\n<div class=\"wp-block-column is-layout-flow wp-block-column-is-layout-flow\">\n<h3 class=\"wp-block-heading\">Fotografia Portretowa<\/h3>\n<p>Uchwytujemy Twoj\u0105 osobowo\u015b\u0107 i charakter. Sesje indywidualne, rodzinne i korporacyjne.<\/p>\n<\/div>\n\n\n<div class=\"wp-block-column is-layout-flow wp-block-column-is-layout-flow\">\n<h3 class=\"wp-block-heading\">Fotografia \u015alubna<\/h3>\n<p>Tw\u00f3j wyj\u0105tkowy dzie\u0144 zas\u0142uguje na wyj\u0105tkowe zdj\u0119cia. Reporta\u017c pe\u0142en emocji.<\/p>\n<\/div>\n\n\n<div class=\"wp-block-column is-layout-flow wp-block-column-is-layout-flow\">\n<h3 class=\"wp-block-heading\">Fotografia Komercyjna<\/h3>\n<p>Kampanie reklamowe i zdj\u0119cia dla biznesu. Budujemy wizerunek Twojej marki.<\/p>\n<\/div>\n\n<\/div>\n\n<\/div>\n\n\n\n<div class=\"wp-block-group alignfull is-layout-constrained wp-block-group-is-layout-constrained\">\n<p class=\"has-text-align-center\">\u2794 JAK DZIA\u0141AMY \u2794<\/p>\n\n<h2 class=\"wp-block-heading has-text-align-center\">Proces Tworzenia Zdj\u0119\u0107<\/h2>\n\n\n<div class=\"wp-block-columns is-layout-flex wp-container-core-columns-is-layout-28f84493 wp-block-columns-is-layout-flex\">\n\n<div class=\"wp-block-column is-layout-flow wp-block-column-is-layout-flow\">\n<h3 class=\"wp-block-heading has-text-align-center\">01. Konsultacja<\/h3>\n<p class=\"has-text-align-center\">Omawiamy Twoje oczekiwania, wybieramy lokalizacj\u0119 i ustalamy szczeg\u00f3\u0142y sesji.<\/p>\n<\/div>\n\n\n<div class=\"wp-block-column is-layout-flow wp-block-column-is-layout-flow\">\n<h3 class=\"wp-block-heading has-text-align-center\">02. Sesja<\/h3>\n<p class=\"has-text-align-center\">Profesjonalna sesja w komfortowej atmosferze. Tworzymy wyj\u0105tkowe kadry razem.<\/p>\n<\/div>\n\n\n<div class=\"wp-block-column is-layout-flow wp-block-column-is-layout-flow\">\n<h3 class=\"wp-block-heading has-text-align-center\">03. Dostawa<\/h3>\n<p class=\"has-text-align-center\">Staranna obr\u00f3bka zdj\u0119\u0107. Dostarczamy w ci\u0105gu 7-14 dni przez galeri\u0119 online.<\/p>\n<\/div>\n\n<\/div>\n\n<\/div>\n\n\n\n<div class=\"wp-block-group alignfull has-white-background-color has-background is-layout-constrained wp-block-group-is-layout-constrained\">\n<p class=\"has-text-align-center\">\u2794 OPINIE KLIENT\u00d3W \u2794<\/p>\n\n<h2 class=\"wp-block-heading has-text-align-center\">Co M\u00f3wi\u0105 Nasi Klienci<\/h2>\n\n\n<div class=\"wp-block-columns is-layout-flex wp-container-core-columns-is-layout-28f84493 wp-block-columns-is-layout-flex\">\n\n<div class=\"wp-block-column is-layout-flow wp-block-column-is-layout-flow\">\n\n<blockquote class=\"wp-block-quote is-layout-flow wp-block-quote-is-layout-flow\"><p>&ldquo;Absolutnie zachwycona! Zdj\u0119cia \u015blubne przesz\u0142y moje naj\u015bmielsze oczekiwania.&rdquo;<\/p><cite>Anna Kowalska &mdash; Panna M\u0142oda, Krak\u00f3w<\/cite><\/blockquote>\n\n<\/div>\n\n\n<div class=\"wp-block-column is-layout-flow wp-block-column-is-layout-flow\">\n\n<blockquote class=\"wp-block-quote is-layout-flow wp-block-quote-is-layout-flow\"><p>&ldquo;Profesjonalizm na najwy\u017cszym poziomie. Sesja produktowa wygl\u0105da\u0142a lepiej ni\u017c z du\u017cych agencji.&rdquo;<\/p><cite>Marek Nowak &mdash; CEO, NowakBrand<\/cite><\/blockquote>\n\n<\/div>\n\n\n<div class=\"wp-block-column is-layout-flow wp-block-column-is-layout-flow\">\n\n<blockquote class=\"wp-block-quote is-layout-flow wp-block-quote-is-layout-flow\"><p>&ldquo;Sesja portretowa by\u0142a wspania\u0142ym do\u015bwiadczeniem, a zdj\u0119cia s\u0105 po prostu pi\u0119kne.&rdquo;<\/p><cite>Katarzyna Wi\u015bniewska &mdash; Modelka, Warszawa<\/cite><\/blockquote>\n\n<\/div>\n\n<\/div>\n\n<\/div>\n\n\n\n<div class=\"wp-block-cover alignfull\" style=\"min-height:500px;aspect-ratio:unset;\"><span aria-hidden=\"true\" class=\"wp-block-cover__background has-vivid-purple-background-color has-background-dim-100 has-background-dim\"><\/span><div class=\"wp-block-cover__inner-container is-layout-constrained wp-block-cover-is-layout-constrained\">\n\n\n<h2 class=\"wp-block-heading has-text-align-center\">Chcesz Sesj\u0119 Kt\u00f3ra<br><strong>Naprawd\u0119 Zachwyca?<\/strong><\/h2>\n\n\n\n<p class=\"has-text-align-center\">Skontaktuj si\u0119 z nami i zarezerwuj termin. Pierwsze spotkanie konsultacyjne jest bezp\u0142atne.<\/p>\n\n\n\n<div class=\"wp-block-buttons is-content-justification-center is-layout-flex wp-container-core-buttons-is-layout-a89b3969 wp-block-buttons-is-layout-flex\">\n\n<div class=\"wp-block-button\"><a class=\"wp-block-button__link wp-element-button\" href=\"\/kontakt\">Um\u00f3w sesj\u0119 \u2192<\/a><\/div>\n\n<\/div>\n\n\n<\/div><\/div>\n\n","protected":false},"excerpt":{"rendered":"<p>Zaufali Nam Klienci Z Ca\u0142ej Polski Vogue PL Forbes Empik TVN Agora Fotografia Kt\u00f3ra ZatrzymujeWyj\u0105tkowe Chwile Od wesel po kampanie reklamowe \u2014 tworzymy obrazy, kt\u00f3re m\u00f3wi\u0105 wi\u0119cej ni\u017c tysi\u0105c s\u0142\u00f3w. \u0141\u0105czymy techniczne mistrzostwo z artystycznym wyczuciem. 500+ Klient\u00f3w 12k+ Zdj\u0119\u0107 98% Zadowolonych \u2794 NASZE US\u0141UGI \u2794 Nasze Rozwi\u0105zania Fotograficzne Fotografia Portretowa Uchwytujemy Twoj\u0105 osobowo\u015b\u0107 i [&hellip;]<\/p>\n","protected":false},"author":1,"featured_media":0,"parent":0,"menu_order":0,"comment_status":"closed","ping_status":"closed","template":"","meta":{"footnotes":""},"class_list":["post-10","page","type-page","status-publish","hentry"],"blocksy_meta":[],"_links":{"self":[{"href":"https:\/\/wizjafotografii.pl\/index.php?rest_route=\/wp\/v2\/pages\/10","targetHints":{"allow":["GET"]}}],"collection":[{"href":"https:\/\/wizjafotografii.pl\/index.php?rest_route=\/wp\/v2\/pages"}],"about":[{"href":"https:\/\/wizjafotografii.pl\/index.php?rest_route=\/wp\/v2\/types\/page"}],"author":[{"embeddable":true,"href":"https:\/\/wizjafotografii.pl\/index.php?rest_route=\/wp\/v2\/users\/1"}],"replies":[{"embeddable":true,"href":"https:\/\/wizjafotografii.pl\/index.php?rest_route=%2Fwp%2Fv2%2Fcomments&post=10"}],"version-history":[{"count":27,"href":"https:\/\/wizjafotografii.pl\/index.php?rest_route=\/wp\/v2\/pages\/10\/revisions"}],"predecessor-version":[{"id":50,"href":"https:\/\/wizjafotografii.pl\/index.php?rest_route=\/wp\/v2\/pages\/10\/revisions\/50"}],"wp:attachment":[{"href":"https:\/\/wizjafotografii.pl\/index.php?rest_route=%2Fwp%2Fv2%2Fmedia&parent=10"}],"curies":[{"name":"wp","href":"https:\/\/api.w.org\/{rel}","templated":true}]}}